{"id":3718,"date":"2025-12-04T14:15:34","date_gmt":"2025-12-04T12:15:34","guid":{"rendered":"https:\/\/true-north-studio.de\/?page_id=3718"},"modified":"2026-01-30T14:02:44","modified_gmt":"2026-01-30T12:02:44","slug":"reformer-pilates-gutschein","status":"publish","type":"page","link":"https:\/\/true-north-studio.de\/en\/reformer-pilates-gutschein\/","title":{"rendered":"Gutscheine"},"content":{"rendered":"\n<div data-aos= \"fade-up\" data-aos-duration=\"400\" data-aos-delay=\"0\" data-aos-easing=\"ease\" data-aos-once=\"true\" class=\"wp-block-uagb-container uagb-block-25efe059 alignfull uagb-is-root-container\"><div class=\"uagb-container-inner-blocks-wrap\">\n<div class=\"wp-block-uagb-advanced-heading uagb-block-152b2cf8\"><h1 class=\"uagb-heading-text\">Reformer Pilates Gutscheine<\/h1><\/div>\n<\/div><\/div>\n\n\n\n<div class=\"wp-block-uagb-container uagb-block-s8ccnbow alignfull uagb-is-root-container\"><div class=\"uagb-container-inner-blocks-wrap\">\n<div class=\"wp-block-uagb-container uagb-block-cakb3sfx\">\n<div data-aos= \"fade-up\" data-aos-duration=\"400\" data-aos-delay=\"0\" data-aos-easing=\"ease\" data-aos-once=\"true\" class=\"wp-block-uagb-info-box uagb-block-lmq2qwcj uagb-infobox__content-wrap  uagb-infobox-icon-above-title uagb-infobox-image-valign-top\"><div class=\"uagb-ifb-content\"><div class=\"uagb-ifb-title-wrap\"><h2 class=\"uagb-ifb-title\">Das perfekte Geschenk<\/h2><\/div><p class=\"uagb-ifb-desc\"><strong>Reformer Pilates ist mehr als nur Training<\/strong> \u2013 es ist eine kraftvolle Verbindung aus gezielten Bewegungen, effektivem Widerstand und flie\u00dfender Kontrolle &#8211;<strong> f\u00fcr 50 Minuten vergisst du alles um dich herum und das Gef\u00fchl danach ist unvergleichlich! <\/strong>Wo? Im True North Studio &#8211; <a href=\"https:\/\/true-north-studio.de\/\">Die Adresse f\u00fcr Reformer Pilates in Heidelberg<\/a><br><br>Du kannst deinen Gutschein ganz bequem online kaufen und entweder <strong>direkt verschicken<\/strong> oder als <strong>pdf herunterladen<\/strong>. <br>Du kannst auch gerne bei uns <strong>im Studio in der <a href=\"https:\/\/maps.app.goo.gl\/KaVPcXHE1CQBH2ej8\">Heidelberger Altstadt<\/a> eine gift card<\/strong> abholen! \ud83d\ude42<br><br>Du kannst entweder den Wert deines Gutscheins selbst w\u00e4hlen oder einen Gutschein ausw\u00e4hlen! \ud83d\ude42<\/p><\/div><\/div>\n\n\n\n<div class=\"wp-block-uagb-buttons uagb-buttons__outer-wrap uagb-btn__default-btn uagb-btn-tablet__default-btn uagb-btn-mobile__default-btn uagb-block-e33d0280\"><div class=\"uagb-buttons__wrap uagb-buttons-layout-wrap \">\n<div class=\"wp-block-uagb-buttons-child uagb-buttons__outer-wrap uagb-block-c1c7a9d2 wp-block-button\"><div class=\"uagb-button__wrapper\"><a class=\"uagb-buttons-repeater wp-block-button__link\" aria-label=\"\" href=\"https:\/\/true-north-studio.de\/reformer-pilates-vorteile\/\" rel=\"follow noopener\" target=\"_self\" role=\"button\"><div class=\"uagb-button__link\">Mehr zu REformer Pilates<\/div><\/a><\/div><\/div>\n<\/div><\/div>\n<\/div>\n\n\n\n<div class=\"wp-block-uagb-container uagb-block-w8dg3eew\">\n<div data-aos= \"fade-up\" data-aos-duration=\"400\" data-aos-delay=\"0\" data-aos-easing=\"ease\" data-aos-once=\"true\" class=\"wp-block-uagb-image alignleft uagb-block-onpwpnc0 wp-block-uagb-image--layout-default wp-block-uagb-image--effect-static wp-block-uagb-image--align-left\"><figure class=\"wp-block-uagb-image__figure\"><img decoding=\"async\" srcset=\"https:\/\/true-north-studio.de\/wp-content\/uploads\/2025\/12\/IMG_6766-576x1024.jpeg ,https:\/\/true-north-studio.de\/wp-content\/uploads\/2025\/12\/IMG_6766-scaled.jpeg 780w, https:\/\/true-north-studio.de\/wp-content\/uploads\/2025\/12\/IMG_6766-scaled.jpeg 360w\" sizes=\"auto, (max-width: 480px) 150px\" src=\"https:\/\/true-north-studio.de\/wp-content\/uploads\/2025\/12\/IMG_6766-576x1024.jpeg\" alt=\"Gutscheine Heidelberg\" class=\"uag-image-3702\" width=\"270\" height=\"360\" title=\"Pilates Heidelberg Gutschein\" loading=\"lazy\" role=\"img\"\/><\/figure><\/div>\n\n\n\n<div data-aos= \"fade-up\" data-aos-duration=\"400\" data-aos-delay=\"0\" data-aos-easing=\"ease\" data-aos-once=\"true\" class=\"wp-block-uagb-image alignleft uagb-block-pp5zgmhv wp-block-uagb-image--layout-default wp-block-uagb-image--effect-static wp-block-uagb-image--align-left\"><figure class=\"wp-block-uagb-image__figure\"><img decoding=\"async\" srcset=\"https:\/\/true-north-studio.de\/wp-content\/uploads\/2025\/09\/IMG_6256-576x1024.jpeg ,https:\/\/true-north-studio.de\/wp-content\/uploads\/2025\/09\/IMG_6256-scaled.jpeg 780w, https:\/\/true-north-studio.de\/wp-content\/uploads\/2025\/09\/IMG_6256-scaled.jpeg 360w\" sizes=\"auto, (max-width: 480px) 150px\" src=\"https:\/\/true-north-studio.de\/wp-content\/uploads\/2025\/09\/IMG_6256-576x1024.jpeg\" alt=\"Gutscheine Heidelberg\" class=\"uag-image-3361\" width=\"270\" height=\"360\" title=\"Gutscheine Heidelberg\" loading=\"lazy\" role=\"img\"\/><\/figure><\/div>\n<\/div>\n<\/div><\/div>\n\n\n\n<div class=\"wp-block-uagb-advanced-heading uagb-block-e886e1c5\"><h2 class=\"uagb-heading-text\">True North Reformer Gutscheine<\/h2><\/div>\n\n\n<div><script id=\"insert-bsport-widget-cdn\">!function (b, s, p, o, r, t) { !typeof window.BsportWidget !== \"undefined\" && !document.getElementById(\"bsport-widget-cdn\") && !function () { m = b.createElement(s), m.id = \"bsport-widget-cdn\", m.src = p, b.getElementsByTagName(\"head\")[0].appendChild(m) }() }(document, \"script\", \"https:\/\/cdn.bsport.io\/scripts\/widget.js\")<\/script><br \/>\n    <script id=\"bsport-widget-mount\">\n        function MountBsportWidget(config, repeat=1) {\n            if (repeat > 50) { return }\n            if (!window.BsportWidget) {\n                return setTimeout(() => {\n                    MountBsportWidget(config,repeat+1)\n                }, 100 * repeat || 1)\n            }\n            BsportWidget.mount(config)\n        }\n    <\/script><br \/>\n    <script>\n        MountBsportWidget({\n                \"parentElement\": \"bsport-widget-930789\",\n                \"companyId\": 4301,\n                \"franchiseId\": null,\n                \"dialogMode\": 2,\n                \"widgetType\": \"giftcard\", \n                \"showFab\": true,\n                \"fullScreenPopup\": false,\n                \"styles\":undefined,\n                \"config\": {\n                    \"giftcard\": {                \"giftcards\": []}\n                }  \n            })\n    <\/script><\/div>\n<div id=\"bsport-widget-930789\"><\/div>\n\n\n\n<p><\/p>\n","protected":false},"excerpt":{"rendered":"<p>Reformer Pilates Gutscheine True North Reformer Gutscheine<\/p>","protected":false},"author":1,"featured_media":0,"parent":0,"menu_order":0,"comment_status":"closed","ping_status":"closed","template":"","meta":{"_uag_custom_page_level_css":"","site-sidebar-layout":"default","site-content-layout":"","ast-site-content-layout":"default","site-content-style":"default","site-sidebar-style":"default","ast-global-header-display":"","ast-banner-title-visibility":"","ast-main-header-display":"","ast-hfb-above-header-display":"","ast-hfb-below-header-display":"","ast-hfb-mobile-header-display":"","site-post-title":"disabled","ast-breadcrumbs-content":"","ast-featured-img":"","footer-sml-layout":"","ast-disable-related-posts":"","theme-transparent-header-meta":"","adv-header-id-meta":"","stick-header-meta":"","header-above-stick-meta":"","header-main-stick-meta":"","header-below-stick-meta":"","astra-migrate-meta-layouts":"set","ast-page-background-enabled":"default","ast-page-background-meta":{"desktop":{"background-color":"","background-image":"","background-repeat":"repeat","background-position":"center center","background-size":"auto","background-attachment":"scroll","background-type":"","background-media":"","overlay-type":"","overlay-color":"","overlay-opacity":"","overlay-gradient":""},"tablet":{"background-color":"","background-image":"","background-repeat":"repeat","background-position":"center center","background-size":"auto","background-attachment":"scroll","background-type":"","background-media":"","overlay-type":"","overlay-color":"","overlay-opacity":"","overlay-gradient":""},"mobile":{"background-color":"","background-image":"","background-repeat":"repeat","background-position":"center center","background-size":"auto","background-attachment":"scroll","background-type":"","background-media":"","overlay-type":"","overlay-color":"","overlay-opacity":"","overlay-gradient":""}},"ast-content-background-meta":{"desktop":{"background-color":"var(--ast-global-color-5)","background-image":"","background-repeat":"repeat","background-position":"center center","background-size":"auto","background-attachment":"scroll","background-type":"","background-media":"","overlay-type":"","overlay-color":"","overlay-opacity":"","overlay-gradient":""},"tablet":{"background-color":"var(--ast-global-color-5)","background-image":"","background-repeat":"repeat","background-position":"center center","background-size":"auto","background-attachment":"scroll","background-type":"","background-media":"","overlay-type":"","overlay-color":"","overlay-opacity":"","overlay-gradient":""},"mobile":{"background-color":"var(--ast-global-color-5)","background-image":"","background-repeat":"repeat","background-position":"center center","background-size":"auto","background-attachment":"scroll","background-type":"","background-media":"","overlay-type":"","overlay-color":"","overlay-opacity":"","overlay-gradient":""}},"footnotes":""},"class_list":["post-3718","page","type-page","status-publish","hentry"],"yoast_head":"<!-- This site is optimized with the Yoast SEO Premium plugin v27.1 (Yoast SEO v27.5) - https:\/\/yoast.com\/product\/yoast-seo-premium-wordpress\/ -->\n<title>Reformer Pilates Gutschein - True North Studio<\/title>\n<meta name=\"description\" content=\"Perfektes Geschenk in Heidelberg: Reformer Pilates Gutschein f\u00fcr True North Studio. Flexibler Betrag, stilvolles Studio &amp; Wohlf\u00fchlatmosph\u00e4re.\" \/>\n<meta name=\"robots\" content=\"index, follow, max-snippet:-1, max-image-preview:large, max-video-preview:-1\" \/>\n<link rel=\"canonical\" href=\"https:\/\/true-north-studio.de\/en\/reformer-pilates-gutschein\/\" \/>\n<meta property=\"og:locale\" content=\"en_US\" \/>\n<meta property=\"og:type\" content=\"article\" \/>\n<meta property=\"og:title\" content=\"Gutscheine\" \/>\n<meta property=\"og:description\" content=\"Perfektes Geschenk in Heidelberg: Reformer Pilates Gutschein f\u00fcr True North Studio. Flexibler Betrag, stilvolles Studio &amp; Wohlf\u00fchlatmosph\u00e4re.\" \/>\n<meta property=\"og:url\" content=\"https:\/\/true-north-studio.de\/en\/reformer-pilates-gutschein\/\" \/>\n<meta property=\"og:site_name\" content=\"True North Studio\" \/>\n<meta property=\"article:modified_time\" content=\"2026-01-30T12:02:44+00:00\" \/>\n<meta property=\"og:image\" content=\"https:\/\/true-north-studio.de\/wp-content\/uploads\/2025\/12\/IMG_6766-576x1024.jpeg\" \/>\n<meta name=\"twitter:card\" content=\"summary_large_image\" \/>\n<meta name=\"twitter:label1\" content=\"Est. reading time\" \/>\n\t<meta name=\"twitter:data1\" content=\"1 minute\" \/>\n<script type=\"application\/ld+json\" class=\"yoast-schema-graph\">{\"@context\":\"https:\\\/\\\/schema.org\",\"@graph\":[{\"@type\":\"WebPage\",\"@id\":\"https:\\\/\\\/true-north-studio.de\\\/reformer-pilates-gutschein\\\/\",\"url\":\"https:\\\/\\\/true-north-studio.de\\\/reformer-pilates-gutschein\\\/\",\"name\":\"Reformer Pilates Gutschein - True North Studio\",\"isPartOf\":{\"@id\":\"https:\\\/\\\/true-north-studio.de\\\/#website\"},\"primaryImageOfPage\":{\"@id\":\"https:\\\/\\\/true-north-studio.de\\\/reformer-pilates-gutschein\\\/#primaryimage\"},\"image\":{\"@id\":\"https:\\\/\\\/true-north-studio.de\\\/reformer-pilates-gutschein\\\/#primaryimage\"},\"thumbnailUrl\":\"https:\\\/\\\/true-north-studio.de\\\/wp-content\\\/uploads\\\/2025\\\/12\\\/IMG_6766-576x1024.jpeg\",\"datePublished\":\"2025-12-04T12:15:34+00:00\",\"dateModified\":\"2026-01-30T12:02:44+00:00\",\"description\":\"Perfektes Geschenk in Heidelberg: Reformer Pilates Gutschein f\u00fcr True North Studio. Flexibler Betrag, stilvolles Studio & Wohlf\u00fchlatmosph\u00e4re.\",\"breadcrumb\":{\"@id\":\"https:\\\/\\\/true-north-studio.de\\\/reformer-pilates-gutschein\\\/#breadcrumb\"},\"inLanguage\":\"en-US\",\"potentialAction\":[{\"@type\":\"ReadAction\",\"target\":[\"https:\\\/\\\/true-north-studio.de\\\/reformer-pilates-gutschein\\\/\"]}]},{\"@type\":\"ImageObject\",\"inLanguage\":\"en-US\",\"@id\":\"https:\\\/\\\/true-north-studio.de\\\/reformer-pilates-gutschein\\\/#primaryimage\",\"url\":\"https:\\\/\\\/true-north-studio.de\\\/wp-content\\\/uploads\\\/2025\\\/12\\\/IMG_6766-576x1024.jpeg\",\"contentUrl\":\"https:\\\/\\\/true-north-studio.de\\\/wp-content\\\/uploads\\\/2025\\\/12\\\/IMG_6766-576x1024.jpeg\"},{\"@type\":\"BreadcrumbList\",\"@id\":\"https:\\\/\\\/true-north-studio.de\\\/reformer-pilates-gutschein\\\/#breadcrumb\",\"itemListElement\":[{\"@type\":\"ListItem\",\"position\":1,\"name\":\"Startseite\",\"item\":\"https:\\\/\\\/true-north-studio.de\\\/\"},{\"@type\":\"ListItem\",\"position\":2,\"name\":\"Gutscheine\"}]},{\"@type\":\"WebSite\",\"@id\":\"https:\\\/\\\/true-north-studio.de\\\/#website\",\"url\":\"https:\\\/\\\/true-north-studio.de\\\/\",\"name\":\"True North Studio\",\"description\":\"\",\"publisher\":{\"@id\":\"https:\\\/\\\/true-north-studio.de\\\/#organization\"},\"alternateName\":\"True North\",\"potentialAction\":[{\"@type\":\"SearchAction\",\"target\":{\"@type\":\"EntryPoint\",\"urlTemplate\":\"https:\\\/\\\/true-north-studio.de\\\/?s={search_term_string}\"},\"query-input\":{\"@type\":\"PropertyValueSpecification\",\"valueRequired\":true,\"valueName\":\"search_term_string\"}}],\"inLanguage\":\"en-US\"},{\"@type\":[\"Organization\",\"Place\",\"SportsActivityLocation\"],\"@id\":\"https:\\\/\\\/true-north-studio.de\\\/#organization\",\"name\":\"True North Studio\",\"alternateName\":\"True North Reformer Pilates\",\"url\":\"https:\\\/\\\/true-north-studio.de\\\/\",\"logo\":{\"@id\":\"https:\\\/\\\/true-north-studio.de\\\/reformer-pilates-gutschein\\\/#local-main-organization-logo\"},\"image\":{\"@id\":\"https:\\\/\\\/true-north-studio.de\\\/reformer-pilates-gutschein\\\/#local-main-organization-logo\"},\"sameAs\":[\"https:\\\/\\\/www.instagram.com\\\/true_north_studio\\\/?igsh=aGJqZnUxcmVxeTNx&utm_source=qr\"],\"address\":{\"@id\":\"https:\\\/\\\/true-north-studio.de\\\/reformer-pilates-gutschein\\\/#local-main-place-address\"},\"telephone\":[\"+49 176 10327008\"],\"contactPoint\":{\"@type\":\"ContactPoint\",\"telephone\":\"+49 176 10327008\",\"email\":\"info@true-north-studio.de\"},\"openingHoursSpecification\":[{\"@type\":\"OpeningHoursSpecification\",\"dayOfWeek\":[\"Monday\",\"Tuesday\",\"Wednesday\",\"Thursday\",\"Friday\",\"Saturday\",\"Sunday\"],\"opens\":\"09:00\",\"closes\":\"17:00\"}],\"email\":\"info@true-north-studio.de\"},{\"@type\":\"PostalAddress\",\"@id\":\"https:\\\/\\\/true-north-studio.de\\\/reformer-pilates-gutschein\\\/#local-main-place-address\",\"streetAddress\":\"Sandgasse 4a\",\"addressLocality\":\"Heidelberg\",\"postalCode\":\"69117\",\"addressRegion\":\"Baden-W\u00fcrttemberg\",\"addressCountry\":\"DE\"},{\"@type\":\"ImageObject\",\"inLanguage\":\"en-US\",\"@id\":\"https:\\\/\\\/true-north-studio.de\\\/reformer-pilates-gutschein\\\/#local-main-organization-logo\",\"url\":\"https:\\\/\\\/true-north-studio.de\\\/wp-content\\\/uploads\\\/2025\\\/12\\\/cropped-Logo-hell-in-sekundaerfarbe.png\",\"contentUrl\":\"https:\\\/\\\/true-north-studio.de\\\/wp-content\\\/uploads\\\/2025\\\/12\\\/cropped-Logo-hell-in-sekundaerfarbe.png\",\"width\":512,\"height\":512,\"caption\":\"True North Studio\"}]}<\/script>\n<meta name=\"geo.placename\" content=\"Heidelberg\" \/>\n<meta name=\"geo.region\" content=\"Germany\" \/>\n<!-- \/ Yoast SEO Premium plugin. -->","yoast_head_json":{"title":"Reformer Pilates Gutschein - True North Studio","description":"Perfektes Geschenk in Heidelberg: Reformer Pilates Gutschein f\u00fcr True North Studio. Flexibler Betrag, stilvolles Studio & Wohlf\u00fchlatmosph\u00e4re.","robots":{"index":"index","follow":"follow","max-snippet":"max-snippet:-1","max-image-preview":"max-image-preview:large","max-video-preview":"max-video-preview:-1"},"canonical":"https:\/\/true-north-studio.de\/en\/reformer-pilates-gutschein\/","og_locale":"en_US","og_type":"article","og_title":"Gutscheine","og_description":"Perfektes Geschenk in Heidelberg: Reformer Pilates Gutschein f\u00fcr True North Studio. Flexibler Betrag, stilvolles Studio & Wohlf\u00fchlatmosph\u00e4re.","og_url":"https:\/\/true-north-studio.de\/en\/reformer-pilates-gutschein\/","og_site_name":"True North Studio","article_modified_time":"2026-01-30T12:02:44+00:00","og_image":[{"url":"https:\/\/true-north-studio.de\/wp-content\/uploads\/2025\/12\/IMG_6766-576x1024.jpeg","type":"","width":"","height":""}],"twitter_card":"summary_large_image","twitter_misc":{"Est. reading time":"1 minute"},"schema":{"@context":"https:\/\/schema.org","@graph":[{"@type":"WebPage","@id":"https:\/\/true-north-studio.de\/reformer-pilates-gutschein\/","url":"https:\/\/true-north-studio.de\/reformer-pilates-gutschein\/","name":"Reformer Pilates Gutschein - True North Studio","isPartOf":{"@id":"https:\/\/true-north-studio.de\/#website"},"primaryImageOfPage":{"@id":"https:\/\/true-north-studio.de\/reformer-pilates-gutschein\/#primaryimage"},"image":{"@id":"https:\/\/true-north-studio.de\/reformer-pilates-gutschein\/#primaryimage"},"thumbnailUrl":"https:\/\/true-north-studio.de\/wp-content\/uploads\/2025\/12\/IMG_6766-576x1024.jpeg","datePublished":"2025-12-04T12:15:34+00:00","dateModified":"2026-01-30T12:02:44+00:00","description":"Perfektes Geschenk in Heidelberg: Reformer Pilates Gutschein f\u00fcr True North Studio. Flexibler Betrag, stilvolles Studio & Wohlf\u00fchlatmosph\u00e4re.","breadcrumb":{"@id":"https:\/\/true-north-studio.de\/reformer-pilates-gutschein\/#breadcrumb"},"inLanguage":"en-US","potentialAction":[{"@type":"ReadAction","target":["https:\/\/true-north-studio.de\/reformer-pilates-gutschein\/"]}]},{"@type":"ImageObject","inLanguage":"en-US","@id":"https:\/\/true-north-studio.de\/reformer-pilates-gutschein\/#primaryimage","url":"https:\/\/true-north-studio.de\/wp-content\/uploads\/2025\/12\/IMG_6766-576x1024.jpeg","contentUrl":"https:\/\/true-north-studio.de\/wp-content\/uploads\/2025\/12\/IMG_6766-576x1024.jpeg"},{"@type":"BreadcrumbList","@id":"https:\/\/true-north-studio.de\/reformer-pilates-gutschein\/#breadcrumb","itemListElement":[{"@type":"ListItem","position":1,"name":"Startseite","item":"https:\/\/true-north-studio.de\/"},{"@type":"ListItem","position":2,"name":"Gutscheine"}]},{"@type":"WebSite","@id":"https:\/\/true-north-studio.de\/#website","url":"https:\/\/true-north-studio.de\/","name":"True North Studio","description":"","publisher":{"@id":"https:\/\/true-north-studio.de\/#organization"},"alternateName":"True North","potentialAction":[{"@type":"SearchAction","target":{"@type":"EntryPoint","urlTemplate":"https:\/\/true-north-studio.de\/?s={search_term_string}"},"query-input":{"@type":"PropertyValueSpecification","valueRequired":true,"valueName":"search_term_string"}}],"inLanguage":"en-US"},{"@type":["Organization","Place","SportsActivityLocation"],"@id":"https:\/\/true-north-studio.de\/#organization","name":"True North Studio","alternateName":"True North Reformer Pilates","url":"https:\/\/true-north-studio.de\/","logo":{"@id":"https:\/\/true-north-studio.de\/reformer-pilates-gutschein\/#local-main-organization-logo"},"image":{"@id":"https:\/\/true-north-studio.de\/reformer-pilates-gutschein\/#local-main-organization-logo"},"sameAs":["https:\/\/www.instagram.com\/true_north_studio\/?igsh=aGJqZnUxcmVxeTNx&utm_source=qr"],"address":{"@id":"https:\/\/true-north-studio.de\/reformer-pilates-gutschein\/#local-main-place-address"},"telephone":["+49 176 10327008"],"contactPoint":{"@type":"ContactPoint","telephone":"+49 176 10327008","email":"info@true-north-studio.de"},"openingHoursSpecification":[{"@type":"OpeningHoursSpecification","dayOfWeek":["Monday","Tuesday","Wednesday","Thursday","Friday","Saturday","Sunday"],"opens":"09:00","closes":"17:00"}],"email":"info@true-north-studio.de"},{"@type":"PostalAddress","@id":"https:\/\/true-north-studio.de\/reformer-pilates-gutschein\/#local-main-place-address","streetAddress":"Sandgasse 4a","addressLocality":"Heidelberg","postalCode":"69117","addressRegion":"Baden-W\u00fcrttemberg","addressCountry":"DE"},{"@type":"ImageObject","inLanguage":"en-US","@id":"https:\/\/true-north-studio.de\/reformer-pilates-gutschein\/#local-main-organization-logo","url":"https:\/\/true-north-studio.de\/wp-content\/uploads\/2025\/12\/cropped-Logo-hell-in-sekundaerfarbe.png","contentUrl":"https:\/\/true-north-studio.de\/wp-content\/uploads\/2025\/12\/cropped-Logo-hell-in-sekundaerfarbe.png","width":512,"height":512,"caption":"True North Studio"}]},"geo.placename":"Heidelberg","geo.region":"Germany"},"uagb_featured_image_src":{"full":false,"thumbnail":false,"medium":false,"medium_large":false,"large":false,"1536x1536":false,"2048x2048":false,"trp-custom-language-flag":false},"uagb_author_info":{"display_name":"admin","author_link":"https:\/\/true-north-studio.de\/en\/author\/admin\/"},"uagb_comment_info":0,"uagb_excerpt":"Reformer Pilates Gutscheine True North Reformer Gutscheine","_links":{"self":[{"href":"https:\/\/true-north-studio.de\/en\/wp-json\/wp\/v2\/pages\/3718","targetHints":{"allow":["GET"]}}],"collection":[{"href":"https:\/\/true-north-studio.de\/en\/wp-json\/wp\/v2\/pages"}],"about":[{"href":"https:\/\/true-north-studio.de\/en\/wp-json\/wp\/v2\/types\/page"}],"author":[{"embeddable":true,"href":"https:\/\/true-north-studio.de\/en\/wp-json\/wp\/v2\/users\/1"}],"replies":[{"embeddable":true,"href":"https:\/\/true-north-studio.de\/en\/wp-json\/wp\/v2\/comments?post=3718"}],"version-history":[{"count":9,"href":"https:\/\/true-north-studio.de\/en\/wp-json\/wp\/v2\/pages\/3718\/revisions"}],"predecessor-version":[{"id":4004,"href":"https:\/\/true-north-studio.de\/en\/wp-json\/wp\/v2\/pages\/3718\/revisions\/4004"}],"wp:attachment":[{"href":"https:\/\/true-north-studio.de\/en\/wp-json\/wp\/v2\/media?parent=3718"}],"curies":[{"name":"wp","href":"https:\/\/api.w.org\/{rel}","templated":true}]}}