{"id":2198,"date":"2025-05-08T16:34:19","date_gmt":"2025-05-08T14:34:19","guid":{"rendered":"https:\/\/true-north-studio.de\/projects\/"},"modified":"2026-01-30T14:04:09","modified_gmt":"2026-01-30T12:04:09","slug":"reformer-pilates-vorteile","status":"publish","type":"page","link":"https:\/\/true-north-studio.de\/en\/reformer-pilates-vorteile\/","title":{"rendered":"Reformer pilates"},"content":{"rendered":"<div data-aos= \"fade-up\" data-aos-duration=\"400\" data-aos-delay=\"0\" data-aos-easing=\"ease\" data-aos-once=\"true\" class=\"wp-block-uagb-container uagb-block-25efe059 alignfull uagb-is-root-container\"><div class=\"uagb-container-inner-blocks-wrap\">\n<div class=\"wp-block-uagb-advanced-heading uagb-block-152b2cf8\"><h1 class=\"uagb-heading-text\">Reformer Pilates Vorteile<\/h1><\/div>\n<\/div><\/div>\n\n\n\n<div class=\"wp-block-uagb-container uagb-block-6b62057a alignfull uagb-is-root-container\"><div class=\"uagb-container-inner-blocks-wrap\">\n<div data-aos= \"fade-up\" data-aos-duration=\"400\" data-aos-delay=\"0\" data-aos-easing=\"ease\" data-aos-once=\"true\" class=\"wp-block-uagb-info-box uagb-block-a7f38b22 uagb-infobox__content-wrap  uagb-infobox-icon-above-title uagb-infobox-image-valign-top\"><div class=\"uagb-ifb-content\"><div class=\"uagb-ifb-title-wrap\"><h6 class=\"uagb-ifb-title-prefix\">Spoiler -<\/h6><h2 class=\"uagb-ifb-title\">Warum dein K\u00f6rper Reformer Pilates lieben wird &#8211; sp\u00fcre die Vorteile selbst<\/h2><\/div><p class=\"uagb-ifb-desc\">Reformer Pilates Vorteile sind unendlich! Es ist mehr als nur Training \u2013 es ist eine kraftvolle Verbindung aus gezielten Bewegungen, effektivem Widerstand und flie\u00dfender Kontrolle. Mit dem Reformer, einem speziellen Pilates-Ger\u00e4t mit verstellbaren Federn, trainierst du deinen gesamten K\u00f6rper \u2013 gelenkschonend, tiefenwirksam und unglaublich vielseitig.<br>Ob du deine Haltung verbessern, R\u00fcckenschmerzen vorbeugen oder deinen Core st\u00e4rken willst \u2013 Reformer Pilates passt sich deinem Level und deinen Zielen an. Jede Session bringt dich n\u00e4her zu einem beweglicheren &amp; kr\u00e4ftigeren K\u00f6rper!<br><br><strong>Probier&#8217;s aus &#8211; <a href=\"https:\/\/true-north-studio.de\/en\/\">Reformer Pilates in Heidelberg<\/a> \u2013 dein K\u00f6rper wird es dir danken<\/strong>!<\/p><\/div><\/div>\n\n\n\n<div class=\"wp-block-uagb-buttons uagb-buttons__outer-wrap uagb-btn__default-btn uagb-btn-tablet__default-btn uagb-btn-mobile__default-btn uagb-block-2ef917f4\"><div class=\"uagb-buttons__wrap uagb-buttons-layout-wrap\">\n<div class=\"wp-block-uagb-buttons-child uagb-buttons__outer-wrap uagb-block-228f2fea wp-block-button\"><div class=\"uagb-button__wrapper\"><a class=\"uagb-buttons-repeater wp-block-button__link\" aria-label=\"\" href=\"https:\/\/true-north-studio.de\/en\/reformer-kurs\/\" rel=\"follow noopener\" target=\"_blank\" role=\"button\"><div class=\"uagb-button__link\">BOOK NOW<\/div><\/a><\/div><\/div>\n<\/div><\/div>\n<\/div><\/div>\n\n\n\n<div class=\"wp-block-uagb-container uagb-block-cp6xiow9 alignfull uagb-is-root-container\">\n<div class=\"wp-block-uagb-container uagb-block-wwz3897m\">\n<div class=\"wp-block-uagb-image alignleft uagb-block-blyeictk wp-block-uagb-image--layout-default wp-block-uagb-image--effect-zoomin wp-block-uagb-image--align-left\"><figure class=\"wp-block-uagb-image__figure\"><img decoding=\"async\" srcset=\"https:\/\/true-north-studio.de\/wp-content\/uploads\/2025\/06\/SP_Equipment-64_RGB-1-1024x787.jpg ,https:\/\/true-north-studio.de\/wp-content\/uploads\/2025\/06\/SP_Equipment-64_RGB-1.jpg 780w, https:\/\/true-north-studio.de\/wp-content\/uploads\/2025\/06\/SP_Equipment-64_RGB-1.jpg 360w\" sizes=\"auto, (max-width: 480px) 150px\" src=\"https:\/\/true-north-studio.de\/wp-content\/uploads\/2025\/06\/SP_Equipment-64_RGB-1-1024x787.jpg\" alt=\"Reformer Pilates Heidelberg\" class=\"uag-image-2543\" width=\"564\" height=\"400\" title=\"Pilates Heidelberg\" loading=\"lazy\" role=\"img\"\/><figcaption class=\"uagb-image-caption\"><em>Photography \u00a9 Merrithew International Inc www.merrithew.com<\/em><\/figcaption><\/figure><\/div>\n\n\n\n<div data-aos= \"fade-up\" data-aos-duration=\"400\" data-aos-delay=\"0\" data-aos-easing=\"ease\" data-aos-once=\"true\" class=\"wp-block-uagb-info-box uagb-block-gurlahhi uagb-infobox__content-wrap  uagb-infobox-icon-above-title uagb-infobox-image-valign-top\"><div class=\"uagb-ifb-content\"><div class=\"uagb-ifb-title-wrap\"><h3 class=\"uagb-ifb-title\"><strong>Strength and flexibility in one<\/strong><\/h3><\/div><p class=\"uagb-ifb-desc\">Experience a holistic workout that not only makes you stronger, but also improves your flexibility. Targeted exercises on the reformer effectively strengthen your core, which has a positive effect on your posture and overall body awareness. You will feel more self-confident and balanced - both physically and mentally.<\/p><\/div><\/div>\n<\/div>\n\n\n\n<div class=\"wp-block-uagb-container uagb-block-ab6kmqtt\">\n<div data-aos= \"fade-up\" data-aos-duration=\"400\" data-aos-delay=\"0\" data-aos-easing=\"ease\" data-aos-once=\"true\" class=\"wp-block-uagb-info-box uagb-block-nwcahupi uagb-infobox__content-wrap  uagb-infobox-icon-above-title uagb-infobox-image-valign-top\"><div class=\"uagb-ifb-content\"><div class=\"uagb-ifb-title-wrap\"><h3 class=\"uagb-ifb-title\"><strong><strong>Motivating &amp; versatile<\/strong><\/strong><\/h3><\/div><p class=\"uagb-ifb-desc\">Forget monotonous workouts! Every workout is different - new exercises, new challenges, new successes. The variety not only ensures visible results, but also fun and long-term motivation. Because if training is fun, you'll want to stick with it - and you can feel it all over your body.<\/p><\/div><\/div>\n\n\n\n<div class=\"wp-block-uagb-image alignleft uagb-block-527nr0ax wp-block-uagb-image--layout-default wp-block-uagb-image--effect-static wp-block-uagb-image--align-left\"><figure class=\"wp-block-uagb-image__figure\"><a class=\"\" href=\"http:\/\/www.merrithew.com\" target=\"\" rel=\"noopener\"><img decoding=\"async\" srcset=\"https:\/\/true-north-studio.de\/wp-content\/uploads\/2025\/06\/SP_Equipment-61_RGB-1024x637.jpg ,https:\/\/true-north-studio.de\/wp-content\/uploads\/2025\/06\/SP_Equipment-61_RGB.jpg 780w, https:\/\/true-north-studio.de\/wp-content\/uploads\/2025\/06\/SP_Equipment-61_RGB.jpg 360w\" sizes=\"auto, (max-width: 480px) 150px\" src=\"https:\/\/true-north-studio.de\/wp-content\/uploads\/2025\/06\/SP_Equipment-61_RGB-1024x637.jpg\" alt=\"Pilates Heidelberg\" class=\"uag-image-2538\" width=\"564\" height=\"400\" title=\"Pilates Heidelberg\" loading=\"lazy\" role=\"img\"\/><\/a><figcaption class=\"uagb-image-caption\"><em>Photography \u00a9 Merrithew International Inc <\/em><\/figcaption><\/figure><\/div>\n<\/div>\n\n\n\n<div class=\"wp-block-uagb-container uagb-block-1okiimqg\">\n<div class=\"wp-block-uagb-image alignleft uagb-block-ikibzmqt wp-block-uagb-image--layout-default wp-block-uagb-image--effect-static wp-block-uagb-image--align-left\"><figure class=\"wp-block-uagb-image__figure\"><a class=\"\" href=\"http:\/\/www.merrithew.com\" target=\"\" rel=\"noopener\"><img decoding=\"async\" srcset=\"https:\/\/true-north-studio.de\/wp-content\/uploads\/2025\/06\/SP_Equipment-63_RGB-1-1024x787.jpg ,https:\/\/true-north-studio.de\/wp-content\/uploads\/2025\/06\/SP_Equipment-63_RGB-1.jpg 780w, https:\/\/true-north-studio.de\/wp-content\/uploads\/2025\/06\/SP_Equipment-63_RGB-1.jpg 360w\" sizes=\"auto, (max-width: 480px) 150px\" src=\"https:\/\/true-north-studio.de\/wp-content\/uploads\/2025\/06\/SP_Equipment-63_RGB-1-1024x787.jpg\" alt=\"Pilates Heidelberg\" class=\"uag-image-2542\" width=\"564\" height=\"400\" title=\"Pilates Heidelberg\" loading=\"lazy\" role=\"img\"\/><\/a><figcaption class=\"uagb-image-caption\"><em>Photography \u00a9 Merrithew International Inc <\/em><\/figcaption><\/figure><\/div>\n\n\n\n<div data-aos= \"fade-up\" data-aos-duration=\"400\" data-aos-delay=\"0\" data-aos-easing=\"ease\" data-aos-once=\"true\" class=\"wp-block-uagb-info-box uagb-block-lgfegppr uagb-infobox__content-wrap  uagb-infobox-icon-above-title uagb-infobox-image-valign-top\"><div class=\"uagb-ifb-content\"><div class=\"uagb-ifb-title-wrap\"><h3 class=\"uagb-ifb-title\"><strong>Joint-friendly &amp; safe<\/strong><\/h3><\/div><p class=\"uagb-ifb-desc\">Reformer Pilates is ideal for all ages and fitness levels. Training with spring resistance relieves the joints and strengthens them at the same time. The training is also safe and effective for people with physical limitations or after injuries. Perfect for anyone who wants to train gently but effectively - without overloading, but with maximum benefit.<\/p><\/div><\/div>\n<\/div>\n\n\n\n<div class=\"wp-block-uagb-container uagb-block-bbf5e30d\">\n<div data-aos= \"fade-up\" data-aos-duration=\"400\" data-aos-delay=\"0\" data-aos-easing=\"ease\" data-aos-once=\"true\" class=\"wp-block-uagb-info-box uagb-block-0d4ab093 uagb-infobox__content-wrap  uagb-infobox-icon-above-title uagb-infobox-image-valign-top\"><div class=\"uagb-ifb-content\"><div class=\"uagb-ifb-title-wrap\"><h3 class=\"uagb-ifb-title\"><strong><strong><strong>For every fitness level<\/strong><\/strong><\/strong><\/h3><\/div><p class=\"uagb-ifb-desc\">Whether you are just starting out or are already experienced - Reformer Pilates is tailored to your individual needs. The intensity and level of difficulty can be flexibly adjusted so that beginners<em>benefit just as much as ambitious athletes.<\/em>So you can achieve your goals at your own pace - with personal support and professional guidance.<\/p><\/div><\/div>\n\n\n\n<div class=\"wp-block-uagb-image alignleft uagb-block-570ade1a wp-block-uagb-image--layout-default wp-block-uagb-image--effect-static wp-block-uagb-image--align-left\"><figure class=\"wp-block-uagb-image__figure\"><a class=\"\" href=\"http:\/\/www.merrithew.com\" target=\"\" rel=\"noopener\"><img decoding=\"async\" srcset=\"https:\/\/true-north-studio.de\/wp-content\/uploads\/2025\/06\/SP_Equipment-83_RGB-1024x682.jpg ,https:\/\/true-north-studio.de\/wp-content\/uploads\/2025\/06\/SP_Equipment-83_RGB.jpg 780w, https:\/\/true-north-studio.de\/wp-content\/uploads\/2025\/06\/SP_Equipment-83_RGB.jpg 360w\" sizes=\"auto, (max-width: 480px) 150px\" src=\"https:\/\/true-north-studio.de\/wp-content\/uploads\/2025\/06\/SP_Equipment-83_RGB-1024x682.jpg\" alt=\"Pilates Heidelberg\" class=\"uag-image-2534\" width=\"564\" height=\"400\" title=\"Pilates Heidelberg\" loading=\"lazy\" role=\"img\"\/><\/a><figcaption class=\"uagb-image-caption\"><em>Photography \u00a9 Merrithew International Inc <\/em><\/figcaption><\/figure><\/div>\n<\/div>\n<\/div>","protected":false},"excerpt":{"rendered":"<p>Reformer Pilates Vorteile<\/p>","protected":false},"author":1,"featured_media":0,"parent":0,"menu_order":0,"comment_status":"closed","ping_status":"closed","template":"","meta":{"_uag_custom_page_level_css":"","site-sidebar-layout":"no-sidebar","site-content-layout":"plain-container","ast-site-content-layout":"full-width-container","site-content-style":"unboxed","site-sidebar-style":"unboxed","ast-global-header-display":"","ast-banner-title-visibility":"","ast-main-header-display":"","ast-hfb-above-header-display":"","ast-hfb-below-header-display":"","ast-hfb-mobile-header-display":"","site-post-title":"disabled","ast-breadcrumbs-content":"","ast-featured-img":"","footer-sml-layout":"","ast-disable-related-posts":"","theme-transparent-header-meta":"enabled","adv-header-id-meta":"","stick-header-meta":"","header-above-stick-meta":"","header-main-stick-meta":"","header-below-stick-meta":"","astra-migrate-meta-layouts":"set","ast-page-background-enabled":"default","ast-page-background-meta":{"desktop":{"background-color":"","background-image":"","background-repeat":"repeat","background-position":"center center","background-size":"auto","background-attachment":"scroll","background-type":"","background-media":"","overlay-type":"","overlay-color":"","overlay-opacity":"","overlay-gradient":""},"tablet":{"background-color":"","background-image":"","background-repeat":"repeat","background-position":"center center","background-size":"auto","background-attachment":"scroll","background-type":"","background-media":"","overlay-type":"","overlay-color":"","overlay-opacity":"","overlay-gradient":""},"mobile":{"background-color":"","background-image":"","background-repeat":"repeat","background-position":"center center","background-size":"auto","background-attachment":"scroll","background-type":"","background-media":"","overlay-type":"","overlay-color":"","overlay-opacity":"","overlay-gradient":""}},"ast-content-background-meta":{"desktop":{"background-color":"var(--ast-global-color-5)","background-image":"","background-repeat":"repeat","background-position":"center center","background-size":"auto","background-attachment":"scroll","background-type":"","background-media":"","overlay-type":"","overlay-color":"","overlay-opacity":"","overlay-gradient":""},"tablet":{"background-color":"var(--ast-global-color-5)","background-image":"","background-repeat":"repeat","background-position":"center center","background-size":"auto","background-attachment":"scroll","background-type":"","background-media":"","overlay-type":"","overlay-color":"","overlay-opacity":"","overlay-gradient":""},"mobile":{"background-color":"var(--ast-global-color-5)","background-image":"","background-repeat":"repeat","background-position":"center center","background-size":"auto","background-attachment":"scroll","background-type":"","background-media":"","overlay-type":"","overlay-color":"","overlay-opacity":"","overlay-gradient":""}},"footnotes":""},"class_list":["post-2198","page","type-page","status-publish","hentry"],"yoast_head":"<!-- This site is optimized with the Yoast SEO Premium plugin v27.1 (Yoast SEO v27.5) - https:\/\/yoast.com\/product\/yoast-seo-premium-wordpress\/ -->\n<title>Reformer Pilates Vorteile f\u00fcr deinen K\u00f6rper - True North Studio<\/title>\n<meta name=\"description\" content=\"Reformer Pilates Vorteile Gezieltes Training f\u00fcr Kraft, Haltung und ein starkes K\u00f6rpergef\u00fchl. Anstrengend &amp; entspannend zugleich!\" \/>\n<meta name=\"robots\" content=\"index, follow, max-snippet:-1, max-image-preview:large, max-video-preview:-1\" \/>\n<link rel=\"canonical\" href=\"https:\/\/true-north-studio.de\/en\/reformer-pil\/\" \/>\n<meta property=\"og:locale\" content=\"en_US\" \/>\n<meta property=\"og:type\" content=\"article\" \/>\n<meta property=\"og:title\" content=\"Reformer pilates\" \/>\n<meta property=\"og:description\" content=\"Reformer Pilates Vorteile Gezieltes Training f\u00fcr Kraft, Haltung und ein starkes K\u00f6rpergef\u00fchl. Anstrengend &amp; entspannend zugleich!\" \/>\n<meta property=\"og:url\" content=\"https:\/\/true-north-studio.de\/en\/reformer-pil\/\" \/>\n<meta property=\"og:site_name\" content=\"True North Studio\" \/>\n<meta property=\"article:modified_time\" content=\"2026-01-30T12:04:09+00:00\" \/>\n<meta property=\"og:image\" content=\"https:\/\/true-north-studio.de\/wp-content\/uploads\/2025\/06\/SP_Equipment-64_RGB-1-1024x787.jpg\" \/>\n<meta name=\"twitter:card\" content=\"summary_large_image\" \/>\n<meta name=\"twitter:label1\" content=\"Est. reading time\" \/>\n\t<meta name=\"twitter:data1\" content=\"3 minutes\" \/>\n<script type=\"application\/ld+json\" class=\"yoast-schema-graph\">{\"@context\":\"https:\\\/\\\/schema.org\",\"@graph\":[{\"@type\":\"WebPage\",\"@id\":\"https:\\\/\\\/true-north-studio.de\\\/reformer-pilates-vorteile\\\/\",\"url\":\"https:\\\/\\\/true-north-studio.de\\\/reformer-pil\\\/\",\"name\":\"Reformer Pilates Vorteile f\u00fcr deinen K\u00f6rper - True North Studio\",\"isPartOf\":{\"@id\":\"https:\\\/\\\/true-north-studio.de\\\/#website\"},\"primaryImageOfPage\":{\"@id\":\"https:\\\/\\\/true-north-studio.de\\\/reformer-pil\\\/#primaryimage\"},\"image\":{\"@id\":\"https:\\\/\\\/true-north-studio.de\\\/reformer-pil\\\/#primaryimage\"},\"thumbnailUrl\":\"https:\\\/\\\/true-north-studio.de\\\/wp-content\\\/uploads\\\/2025\\\/06\\\/SP_Equipment-64_RGB-1-1024x787.jpg\",\"datePublished\":\"2025-05-08T14:34:19+00:00\",\"dateModified\":\"2026-01-30T12:04:09+00:00\",\"description\":\"Reformer Pilates Vorteile Gezieltes Training f\u00fcr Kraft, Haltung und ein starkes K\u00f6rpergef\u00fchl. Anstrengend & entspannend zugleich!\",\"breadcrumb\":{\"@id\":\"https:\\\/\\\/true-north-studio.de\\\/reformer-pil\\\/#breadcrumb\"},\"inLanguage\":\"en-US\",\"potentialAction\":[{\"@type\":\"ReadAction\",\"target\":[\"https:\\\/\\\/true-north-studio.de\\\/reformer-pil\\\/\"]}]},{\"@type\":\"ImageObject\",\"inLanguage\":\"en-US\",\"@id\":\"https:\\\/\\\/true-north-studio.de\\\/reformer-pil\\\/#primaryimage\",\"url\":\"https:\\\/\\\/true-north-studio.de\\\/wp-content\\\/uploads\\\/2025\\\/06\\\/SP_Equipment-64_RGB-1-1024x787.jpg\",\"contentUrl\":\"https:\\\/\\\/true-north-studio.de\\\/wp-content\\\/uploads\\\/2025\\\/06\\\/SP_Equipment-64_RGB-1-1024x787.jpg\"},{\"@type\":\"BreadcrumbList\",\"@id\":\"https:\\\/\\\/true-north-studio.de\\\/reformer-pil\\\/#breadcrumb\",\"itemListElement\":[{\"@type\":\"ListItem\",\"position\":1,\"name\":\"Startseite\",\"item\":\"https:\\\/\\\/true-north-studio.de\\\/\"},{\"@type\":\"ListItem\",\"position\":2,\"name\":\"Reformer pilates\"}]},{\"@type\":\"WebSite\",\"@id\":\"https:\\\/\\\/true-north-studio.de\\\/#website\",\"url\":\"https:\\\/\\\/true-north-studio.de\\\/\",\"name\":\"True North Studio\",\"description\":\"\",\"publisher\":{\"@id\":\"https:\\\/\\\/true-north-studio.de\\\/#organization\"},\"alternateName\":\"True North\",\"potentialAction\":[{\"@type\":\"SearchAction\",\"target\":{\"@type\":\"EntryPoint\",\"urlTemplate\":\"https:\\\/\\\/true-north-studio.de\\\/?s={search_term_string}\"},\"query-input\":{\"@type\":\"PropertyValueSpecification\",\"valueRequired\":true,\"valueName\":\"search_term_string\"}}],\"inLanguage\":\"en-US\"},{\"@type\":[\"Organization\",\"Place\",\"SportsActivityLocation\"],\"@id\":\"https:\\\/\\\/true-north-studio.de\\\/#organization\",\"name\":\"True North Studio\",\"alternateName\":\"True North Reformer Pilates\",\"url\":\"https:\\\/\\\/true-north-studio.de\\\/\",\"logo\":{\"@id\":\"https:\\\/\\\/true-north-studio.de\\\/reformer-pil\\\/#local-main-organization-logo\"},\"image\":{\"@id\":\"https:\\\/\\\/true-north-studio.de\\\/reformer-pil\\\/#local-main-organization-logo\"},\"sameAs\":[\"https:\\\/\\\/www.instagram.com\\\/true_north_studio\\\/?igsh=aGJqZnUxcmVxeTNx&utm_source=qr\"],\"address\":{\"@id\":\"https:\\\/\\\/true-north-studio.de\\\/reformer-pil\\\/#local-main-place-address\"},\"telephone\":[\"+49 176 10327008\"],\"contactPoint\":{\"@type\":\"ContactPoint\",\"telephone\":\"+49 176 10327008\",\"email\":\"info@true-north-studio.de\"},\"openingHoursSpecification\":[{\"@type\":\"OpeningHoursSpecification\",\"dayOfWeek\":[\"Monday\",\"Tuesday\",\"Wednesday\",\"Thursday\",\"Friday\",\"Saturday\",\"Sunday\"],\"opens\":\"09:00\",\"closes\":\"17:00\"}],\"email\":\"info@true-north-studio.de\"},{\"@type\":\"PostalAddress\",\"@id\":\"https:\\\/\\\/true-north-studio.de\\\/reformer-pil\\\/#local-main-place-address\",\"streetAddress\":\"Sandgasse 4a\",\"addressLocality\":\"Heidelberg\",\"postalCode\":\"69117\",\"addressRegion\":\"Baden-W\u00fcrttemberg\",\"addressCountry\":\"DE\"},{\"@type\":\"ImageObject\",\"inLanguage\":\"en-US\",\"@id\":\"https:\\\/\\\/true-north-studio.de\\\/reformer-pil\\\/#local-main-organization-logo\",\"url\":\"https:\\\/\\\/true-north-studio.de\\\/wp-content\\\/uploads\\\/2025\\\/12\\\/cropped-Logo-hell-in-sekundaerfarbe.png\",\"contentUrl\":\"https:\\\/\\\/true-north-studio.de\\\/wp-content\\\/uploads\\\/2025\\\/12\\\/cropped-Logo-hell-in-sekundaerfarbe.png\",\"width\":512,\"height\":512,\"caption\":\"True North Studio\"}]}<\/script>\n<meta name=\"geo.placename\" content=\"Heidelberg\" \/>\n<meta name=\"geo.region\" content=\"Germany\" \/>\n<!-- \/ Yoast SEO Premium plugin. -->","yoast_head_json":{"title":"Reformer Pilates Vorteile f\u00fcr deinen K\u00f6rper - True North Studio","description":"Reformer Pilates Vorteile Gezieltes Training f\u00fcr Kraft, Haltung und ein starkes K\u00f6rpergef\u00fchl. Anstrengend & entspannend zugleich!","robots":{"index":"index","follow":"follow","max-snippet":"max-snippet:-1","max-image-preview":"max-image-preview:large","max-video-preview":"max-video-preview:-1"},"canonical":"https:\/\/true-north-studio.de\/en\/reformer-pil\/","og_locale":"en_US","og_type":"article","og_title":"Reformer pilates","og_description":"Reformer Pilates Vorteile Gezieltes Training f\u00fcr Kraft, Haltung und ein starkes K\u00f6rpergef\u00fchl. Anstrengend & entspannend zugleich!","og_url":"https:\/\/true-north-studio.de\/en\/reformer-pil\/","og_site_name":"True North Studio","article_modified_time":"2026-01-30T12:04:09+00:00","og_image":[{"url":"https:\/\/true-north-studio.de\/wp-content\/uploads\/2025\/06\/SP_Equipment-64_RGB-1-1024x787.jpg","type":"","width":"","height":""}],"twitter_card":"summary_large_image","twitter_misc":{"Est. reading time":"3 minutes"},"schema":{"@context":"https:\/\/schema.org","@graph":[{"@type":"WebPage","@id":"https:\/\/true-north-studio.de\/reformer-pilates-vorteile\/","url":"https:\/\/true-north-studio.de\/reformer-pil\/","name":"Reformer Pilates Vorteile f\u00fcr deinen K\u00f6rper - True North Studio","isPartOf":{"@id":"https:\/\/true-north-studio.de\/#website"},"primaryImageOfPage":{"@id":"https:\/\/true-north-studio.de\/reformer-pil\/#primaryimage"},"image":{"@id":"https:\/\/true-north-studio.de\/reformer-pil\/#primaryimage"},"thumbnailUrl":"https:\/\/true-north-studio.de\/wp-content\/uploads\/2025\/06\/SP_Equipment-64_RGB-1-1024x787.jpg","datePublished":"2025-05-08T14:34:19+00:00","dateModified":"2026-01-30T12:04:09+00:00","description":"Reformer Pilates Vorteile Gezieltes Training f\u00fcr Kraft, Haltung und ein starkes K\u00f6rpergef\u00fchl. Anstrengend & entspannend zugleich!","breadcrumb":{"@id":"https:\/\/true-north-studio.de\/reformer-pil\/#breadcrumb"},"inLanguage":"en-US","potentialAction":[{"@type":"ReadAction","target":["https:\/\/true-north-studio.de\/reformer-pil\/"]}]},{"@type":"ImageObject","inLanguage":"en-US","@id":"https:\/\/true-north-studio.de\/reformer-pil\/#primaryimage","url":"https:\/\/true-north-studio.de\/wp-content\/uploads\/2025\/06\/SP_Equipment-64_RGB-1-1024x787.jpg","contentUrl":"https:\/\/true-north-studio.de\/wp-content\/uploads\/2025\/06\/SP_Equipment-64_RGB-1-1024x787.jpg"},{"@type":"BreadcrumbList","@id":"https:\/\/true-north-studio.de\/reformer-pil\/#breadcrumb","itemListElement":[{"@type":"ListItem","position":1,"name":"Startseite","item":"https:\/\/true-north-studio.de\/"},{"@type":"ListItem","position":2,"name":"Reformer pilates"}]},{"@type":"WebSite","@id":"https:\/\/true-north-studio.de\/#website","url":"https:\/\/true-north-studio.de\/","name":"True North Studio","description":"","publisher":{"@id":"https:\/\/true-north-studio.de\/#organization"},"alternateName":"True North","potentialAction":[{"@type":"SearchAction","target":{"@type":"EntryPoint","urlTemplate":"https:\/\/true-north-studio.de\/?s={search_term_string}"},"query-input":{"@type":"PropertyValueSpecification","valueRequired":true,"valueName":"search_term_string"}}],"inLanguage":"en-US"},{"@type":["Organization","Place","SportsActivityLocation"],"@id":"https:\/\/true-north-studio.de\/#organization","name":"True North Studio","alternateName":"True North Reformer Pilates","url":"https:\/\/true-north-studio.de\/","logo":{"@id":"https:\/\/true-north-studio.de\/reformer-pil\/#local-main-organization-logo"},"image":{"@id":"https:\/\/true-north-studio.de\/reformer-pil\/#local-main-organization-logo"},"sameAs":["https:\/\/www.instagram.com\/true_north_studio\/?igsh=aGJqZnUxcmVxeTNx&utm_source=qr"],"address":{"@id":"https:\/\/true-north-studio.de\/reformer-pil\/#local-main-place-address"},"telephone":["+49 176 10327008"],"contactPoint":{"@type":"ContactPoint","telephone":"+49 176 10327008","email":"info@true-north-studio.de"},"openingHoursSpecification":[{"@type":"OpeningHoursSpecification","dayOfWeek":["Monday","Tuesday","Wednesday","Thursday","Friday","Saturday","Sunday"],"opens":"09:00","closes":"17:00"}],"email":"info@true-north-studio.de"},{"@type":"PostalAddress","@id":"https:\/\/true-north-studio.de\/reformer-pil\/#local-main-place-address","streetAddress":"Sandgasse 4a","addressLocality":"Heidelberg","postalCode":"69117","addressRegion":"Baden-W\u00fcrttemberg","addressCountry":"DE"},{"@type":"ImageObject","inLanguage":"en-US","@id":"https:\/\/true-north-studio.de\/reformer-pil\/#local-main-organization-logo","url":"https:\/\/true-north-studio.de\/wp-content\/uploads\/2025\/12\/cropped-Logo-hell-in-sekundaerfarbe.png","contentUrl":"https:\/\/true-north-studio.de\/wp-content\/uploads\/2025\/12\/cropped-Logo-hell-in-sekundaerfarbe.png","width":512,"height":512,"caption":"True North Studio"}]},"geo.placename":"Heidelberg","geo.region":"Germany"},"uagb_featured_image_src":{"full":false,"thumbnail":false,"medium":false,"medium_large":false,"large":false,"1536x1536":false,"2048x2048":false,"trp-custom-language-flag":false},"uagb_author_info":{"display_name":"admin","author_link":"https:\/\/true-north-studio.de\/en\/author\/admin\/"},"uagb_comment_info":0,"uagb_excerpt":"Reformer Pilates Vorteile","_links":{"self":[{"href":"https:\/\/true-north-studio.de\/en\/wp-json\/wp\/v2\/pages\/2198","targetHints":{"allow":["GET"]}}],"collection":[{"href":"https:\/\/true-north-studio.de\/en\/wp-json\/wp\/v2\/pages"}],"about":[{"href":"https:\/\/true-north-studio.de\/en\/wp-json\/wp\/v2\/types\/page"}],"author":[{"embeddable":true,"href":"https:\/\/true-north-studio.de\/en\/wp-json\/wp\/v2\/users\/1"}],"replies":[{"embeddable":true,"href":"https:\/\/true-north-studio.de\/en\/wp-json\/wp\/v2\/comments?post=2198"}],"version-history":[{"count":9,"href":"https:\/\/true-north-studio.de\/en\/wp-json\/wp\/v2\/pages\/2198\/revisions"}],"predecessor-version":[{"id":4006,"href":"https:\/\/true-north-studio.de\/en\/wp-json\/wp\/v2\/pages\/2198\/revisions\/4006"}],"wp:attachment":[{"href":"https:\/\/true-north-studio.de\/en\/wp-json\/wp\/v2\/media?parent=2198"}],"curies":[{"name":"wp","href":"https:\/\/api.w.org\/{rel}","templated":true}]}}